{"id":8383,"date":"2025-06-18T09:10:32","date_gmt":"2025-06-18T09:10:32","guid":{"rendered":"https:\/\/playmathmasters.com\/politica-de-cookies\/"},"modified":"2026-01-12T11:48:56","modified_gmt":"2026-01-12T11:48:56","slug":"politica-de-cookies","status":"publish","type":"page","link":"https:\/\/playmathmasters.com\/pt-pt\/politica-de-cookies\/","title":{"rendered":"Pol\u00edtica de Cookies"},"content":{"rendered":"\t\t<div data-elementor-type=\"wp-page\" data-elementor-id=\"8383\" class=\"elementor elementor-8383 elementor-1377\" data-elementor-post-type=\"page\">\n\t\t\t\t<div class=\"elementor-element elementor-element-cdecc5f e-flex e-con-boxed e-con e-parent\" data-id=\"cdecc5f\" data-element_type=\"container\" data-e-type=\"container\" data-settings=\"{&quot;background_background&quot;:&quot;classic&quot;}\">\n\t\t\t\t\t<div class=\"e-con-inner\">\n\t\t<div class=\"elementor-element elementor-element-d38801f e-con-full e-flex e-con e-child\" data-id=\"d38801f\" data-element_type=\"container\" data-e-type=\"container\">\n\t\t\t\t<div class=\"elementor-element elementor-element-234ffc67 elementor-widget elementor-widget-heading\" data-id=\"234ffc67\" data-element_type=\"widget\" data-e-type=\"widget\" data-widget_type=\"heading.default\">\n\t\t\t\t<div class=\"elementor-widget-container\">\n\t\t\t\t\t<p class=\"elementor-heading-title elementor-size-default\">Que cookies gostamos de comer?<\/p>\t\t\t\t<\/div>\n\t\t\t\t<\/div>\n\t\t<div class=\"elementor-element elementor-element-6dbb7b80 e-con-full e-flex e-con e-child\" data-id=\"6dbb7b80\" data-element_type=\"container\" data-e-type=\"container\">\n\t\t\t\t<div class=\"elementor-element elementor-element-2b96811a elementor-widget elementor-widget-heading\" data-id=\"2b96811a\" data-element_type=\"widget\" data-e-type=\"widget\" data-widget_type=\"heading.default\">\n\t\t\t\t<div class=\"elementor-widget-container\">\n\t\t\t\t\t<h2 class=\"elementor-heading-title elementor-size-default\">Cookie<\/h2>\t\t\t\t<\/div>\n\t\t\t\t<\/div>\n\t\t\t\t<div class=\"elementor-element elementor-element-1f8c8dbf gradi-fn t elementor-widget elementor-widget-heading\" data-id=\"1f8c8dbf\" data-element_type=\"widget\" data-e-type=\"widget\" data-widget_type=\"heading.default\">\n\t\t\t\t<div class=\"elementor-widget-container\">\n\t\t\t\t\t<h2 class=\"elementor-heading-title elementor-size-default\"><span class=\"head-fnt-blu\">pol\u00edtica<\/span><\/h2>\t\t\t\t<\/div>\n\t\t\t\t<\/div>\n\t\t\t\t<\/div>\n\t\t\t\t<div class=\"elementor-element elementor-element-252f253d elementor-widget__width-initial elementor-widget elementor-widget-text-editor\" data-id=\"252f253d\" data-element_type=\"widget\" data-e-type=\"widget\" data-widget_type=\"text-editor.default\">\n\t\t\t\t<div class=\"elementor-widget-container\">\n\t\t\t\t\t\t\t\t\tEm mathmasters.fun, utilizamos cookies e tecnologias semelhantes para proporcionar uma experi\u00eancia de s\u00edtio Web melhor, mais r\u00e1pida e mais segura. Esta pol\u00edtica de cookies explica o que s\u00e3o cookies, que tipos utilizamos e como podes gerir as tuas prefer\u00eancias.\t\t\t\t\t\t\t\t<\/div>\n\t\t\t\t<\/div>\n\t\t\t\t<div class=\"elementor-element elementor-element-60740853 elementor-widget-mobile__width-inherit elementor-widget elementor-widget-ucaddon_color_overlay_button\" data-id=\"60740853\" data-element_type=\"widget\" data-e-type=\"widget\" data-widget_type=\"ucaddon_color_overlay_button.default\">\n\t\t\t\t<div class=\"elementor-widget-container\">\n\t\t\t\t\t\n<!-- start Overlay Button -->\n<style>\/* widget: Overlay Button *\/\n\n#uc_color_overlay_button_elementor_60740853 a.color-overlay-link\n{\n  display:inline-block;\n  position:relative;\n  text-decoration:none;\n  overflow:hidden;\n}\n\n#uc_color_overlay_button_elementor_60740853 a span.ue-color-overlay\n{\n  display:block;\n  position:absolute;\n  top:0px;\n  right:0px;\n}\n\n#uc_color_overlay_button_elementor_60740853 a .ue-btn-txt\n{\n  position:relative;\n  display: flex;\n  align-items: center;\n  flex-direction: row;\n}\n#uc_color_overlay_button_elementor_60740853 a .ue-btn-txt svg\n{\n  width:1em;\n  height:1em;\n}\n\n<\/style>\n\n<div id=\"uc_color_overlay_button_elementor_60740853\" class=\"color-overlay-button\">\n  <a href=\"https:\/\/playmathmasters.com\/pt-pt\/contacto\/\" class=\"color-overlay-link \" >\n    <span class=\"ue-color-overlay\"><\/span>\n    <span class=\"ue-btn-txt\">  Contacte o Math Masters! <\/span>\n  <\/a>\n<\/div>\n<!-- end Overlay Button -->\t\t\t\t<\/div>\n\t\t\t\t<\/div>\n\t\t\t\t<\/div>\n\t\t\t\t\t<\/div>\n\t\t\t\t<\/div>\n\t\t<div class=\"elementor-element elementor-element-41fd590c e-flex e-con-boxed e-con e-parent\" data-id=\"41fd590c\" data-element_type=\"container\" data-e-type=\"container\" id=\"fairy-glitter\">\n\t\t\t\t\t<div class=\"e-con-inner\">\n\t\t\t\t<div class=\"elementor-element elementor-element-5d0237bb elementor-widget elementor-widget-html\" data-id=\"5d0237bb\" data-element_type=\"widget\" data-e-type=\"widget\" data-widget_type=\"html.default\">\n\t\t\t\t<div class=\"elementor-widget-container\">\n\t\t\t\t\t<div class=\"bg-animation-dee\">\n        <div id=\"stars\"> <\/div>\n        <div id=\"stars2\"> <\/div>\n        <div id=\"stars3\"> <\/div>\n        <div id=\"stars4\"> <\/div>\n     <div id=\"stars5\"> <\/div>\n    <\/div>\t\t\t\t<\/div>\n\t\t\t\t<\/div>\n\t\t\t\t\t<\/div>\n\t\t\t\t<\/div>\n\t\t<div class=\"elementor-element elementor-element-db2b03b e-flex e-con-boxed e-con e-parent\" data-id=\"db2b03b\" data-element_type=\"container\" data-e-type=\"container\" data-settings=\"{&quot;background_background&quot;:&quot;classic&quot;}\">\n\t\t\t\t\t<div class=\"e-con-inner\">\n\t\t<div class=\"elementor-element elementor-element-17de7cea e-con-full e-flex e-con e-child\" data-id=\"17de7cea\" data-element_type=\"container\" data-e-type=\"container\">\n\t\t<div class=\"elementor-element elementor-element-192d7f3a e-con-full getintouchdiv e-flex e-con e-child\" data-id=\"192d7f3a\" data-element_type=\"container\" data-e-type=\"container\">\n\t\t\t\t<div class=\"elementor-element elementor-element-47596263 elementor-widget elementor-widget-heading\" data-id=\"47596263\" data-element_type=\"widget\" data-e-type=\"widget\" data-widget_type=\"heading.default\">\n\t\t\t\t<div class=\"elementor-widget-container\">\n\t\t\t\t\t<h2 class=\"elementor-heading-title elementor-size-default\">A nossa<\/h2>\t\t\t\t<\/div>\n\t\t\t\t<\/div>\n\t\t\t\t<div class=\"elementor-element elementor-element-52409bee elementor-widget elementor-widget-heading\" data-id=\"52409bee\" data-element_type=\"widget\" data-e-type=\"widget\" data-widget_type=\"heading.default\">\n\t\t\t\t<div class=\"elementor-widget-container\">\n\t\t\t\t\t<h2 class=\"elementor-heading-title elementor-size-default\">pol\u00edtica<\/h2>\t\t\t\t<\/div>\n\t\t\t\t<\/div>\n\t\t\t\t<\/div>\n\t\t<div class=\"elementor-element elementor-element-5c3ad9db e-con-full e-flex e-con e-child\" data-id=\"5c3ad9db\" data-element_type=\"container\" data-e-type=\"container\">\n\t\t\t\t<div class=\"elementor-element elementor-element-757097a3 elementor-widget elementor-widget-text-editor\" data-id=\"757097a3\" data-element_type=\"widget\" data-e-type=\"widget\" data-widget_type=\"text-editor.default\">\n\t\t\t\t<div class=\"elementor-widget-container\">\n\t\t\t\t\t\t\t\t\t<p><strong>1. O que s\u00e3o cookies?<\/strong><br>Os cookies s\u00e3o pequenos ficheiros de texto que s\u00e3o colocados no seu computador, tablet ou smartphone quando visita um website. Estes ajudam o site a funcionar adequadamente, melhoram a sua experi\u00eancia de utilizador e fornecem-nos informa\u00e7\u00f5es sobre como os visitantes utilizam o site. <\/p>\t\t\t\t\t\t\t\t<\/div>\n\t\t\t\t<\/div>\n\t\t\t\t<\/div>\n\t\t\t\t<\/div>\n\t\t<div class=\"elementor-element elementor-element-3b4d8047 e-con-full elementor-hidden-tablet elementor-hidden-mobile e-flex e-con e-child\" data-id=\"3b4d8047\" data-element_type=\"container\" data-e-type=\"container\">\n\t\t\t\t<\/div>\n\t\t\t\t\t<\/div>\n\t\t\t\t<\/div>\n\t\t<div class=\"elementor-element elementor-element-67239a1a e-flex e-con-boxed e-con e-parent\" data-id=\"67239a1a\" data-element_type=\"container\" data-e-type=\"container\" data-settings=\"{&quot;background_background&quot;:&quot;gradient&quot;,&quot;shape_divider_top&quot;:&quot;tilt&quot;,&quot;shape_divider_bottom&quot;:&quot;tilt&quot;}\">\n\t\t\t\t\t<div class=\"e-con-inner\">\n\t\t\t\t<div class=\"elementor-shape elementor-shape-top\" aria-hidden=\"true\" data-negative=\"false\">\n\t\t\t<svg xmlns=\"http:\/\/www.w3.org\/2000\/svg\" viewBox=\"0 0 1000 100\" preserveAspectRatio=\"none\">\n\t<path class=\"elementor-shape-fill\" d=\"M0,6V0h1000v100L0,6z\"\/>\n<\/svg>\t\t<\/div>\n\t\t\t\t<div class=\"elementor-shape elementor-shape-bottom\" aria-hidden=\"true\" data-negative=\"false\">\n\t\t\t<svg xmlns=\"http:\/\/www.w3.org\/2000\/svg\" viewBox=\"0 0 1000 100\" preserveAspectRatio=\"none\">\n\t<path class=\"elementor-shape-fill\" d=\"M0,6V0h1000v100L0,6z\"\/>\n<\/svg>\t\t<\/div>\n\t\t<div class=\"elementor-element elementor-element-50e9dbc0 e-con-full e-flex e-con e-child\" data-id=\"50e9dbc0\" data-element_type=\"container\" data-e-type=\"container\" data-settings=\"{&quot;background_background&quot;:&quot;classic&quot;}\">\n\t\t\t\t<div class=\"elementor-element elementor-element-6349edf0 elementor-widget-tablet__width-inherit elementor-widget elementor-widget-image\" data-id=\"6349edf0\" data-element_type=\"widget\" data-e-type=\"widget\" data-widget_type=\"image.default\">\n\t\t\t\t<div class=\"elementor-widget-container\">\n\t\t\t\t\t\t\t\t\t\t\t\t\t\t\t<img fetchpriority=\"high\" decoding=\"async\" width=\"709\" height=\"708\" src=\"https:\/\/playmathmasters.com\/wp-content\/uploads\/2025\/12\/Math-Masters-Board-210-klein-min-min.webp\" class=\"attachment-large size-large wp-image-7181\" alt=\"Math-Masters-Board-210-old\" srcset=\"https:\/\/playmathmasters.com\/wp-content\/uploads\/2025\/12\/Math-Masters-Board-210-klein-min-min.webp 709w, https:\/\/playmathmasters.com\/wp-content\/uploads\/2025\/12\/Math-Masters-Board-210-klein-min-min-300x300.webp 300w, https:\/\/playmathmasters.com\/wp-content\/uploads\/2025\/12\/Math-Masters-Board-210-klein-min-min-150x150.webp 150w\" sizes=\"(max-width: 709px) 100vw, 709px\" \/>\t\t\t\t\t\t\t\t\t\t\t\t\t\t\t<\/div>\n\t\t\t\t<\/div>\n\t\t\t\t<\/div>\n\t\t<div class=\"elementor-element elementor-element-6e7809d9 e-con-full e-flex e-con e-child\" data-id=\"6e7809d9\" data-element_type=\"container\" data-e-type=\"container\">\n\t\t<div class=\"elementor-element elementor-element-6583f01d e-con-full e-flex e-con e-child\" data-id=\"6583f01d\" data-element_type=\"container\" data-e-type=\"container\">\n\t\t\t\t<div class=\"elementor-element elementor-element-68db517b elementor-widget elementor-widget-text-editor\" data-id=\"68db517b\" data-element_type=\"widget\" data-e-type=\"widget\" data-widget_type=\"text-editor.default\">\n\t\t\t\t<div class=\"elementor-widget-container\">\n\t\t\t\t\t\t\t\t\t<p><strong>2. Que tipos de cookies utilizamos?<\/strong><br>\ud83c\udf6a Cookies funcionais (obrigat\u00f3rios)<\/p><p>Estes cookies s\u00e3o necess\u00e1rios para o funcionamento b\u00e1sico do website, como a navega\u00e7\u00e3o entre p\u00e1ginas e a memoriza\u00e7\u00e3o das suas prefer\u00eancias.<\/p><p>Exemplo: Memorizar se aceitou ou n\u00e3o o banner de cookies.<\/p><p>\ud83d\udcca Cookies anal\u00edticos<\/p><p>Estes cookies recolhem dados an\u00f3nimos sobre como os visitantes utilizam o website, para que possamos melhor\u00e1-lo e adapt\u00e1-lo melhor ao nosso p\u00fablico.<\/p><p>Exemplo: Estat\u00edsticas de visitantes atrav\u00e9s do Google Analytics (com a anonimiza\u00e7\u00e3o de IP ativada).<\/p><p>\ud83d\udce3 Cookies de marketing e rastreamento (opcionais)<\/p><p>Estes cookies rastreiam o seu comportamento de navega\u00e7\u00e3o em diferentes websites e podem ser colocados por terceiros, como o YouTube (para v\u00eddeos), Meta\/Facebook ou Google Ads. Apenas colocamos estes cookies se nos der permiss\u00e3o. <\/p>\t\t\t\t\t\t\t\t<\/div>\n\t\t\t\t<\/div>\n\t\t\t\t<\/div>\n\t\t\t\t<\/div>\n\t\t\t\t\t<\/div>\n\t\t\t\t<\/div>\n\t\t<div class=\"elementor-element elementor-element-625485e8 e-flex e-con-boxed e-con e-parent\" data-id=\"625485e8\" data-element_type=\"container\" data-e-type=\"container\" data-settings=\"{&quot;background_background&quot;:&quot;classic&quot;}\">\n\t\t\t\t\t<div class=\"e-con-inner\">\n\t\t<div class=\"elementor-element elementor-element-cc61feb e-con-full e-flex e-con e-child\" data-id=\"cc61feb\" data-element_type=\"container\" data-e-type=\"container\">\n\t\t<div class=\"elementor-element elementor-element-6ac44448 e-con-full e-flex e-con e-child\" data-id=\"6ac44448\" data-element_type=\"container\" data-e-type=\"container\">\n\t\t\t\t<div class=\"elementor-element elementor-element-41f65aed elementor-widget elementor-widget-text-editor\" data-id=\"41f65aed\" data-element_type=\"widget\" data-e-type=\"widget\" data-widget_type=\"text-editor.default\">\n\t\t\t\t<div class=\"elementor-widget-container\">\n\t\t\t\t\t\t\t\t\t<p><strong>3. Cookies de terceiros<\/strong><br>Alguns cookies s\u00e3o colocados por servi\u00e7os de terceiros que aparecem nas nossas p\u00e1ginas. Estes servi\u00e7os t\u00eam as suas pr\u00f3prias pol\u00edticas de privacidade e de cookies. Exemplos comuns incluem:  <\/p><p>Google (Analytics, Fonts, Ads)<\/p><p>Meta\/Facebook (publicidade ou conte\u00fado incorporado)<\/p><p>YouTube (reprodu\u00e7\u00e3o de v\u00eddeo)<\/p>\t\t\t\t\t\t\t\t<\/div>\n\t\t\t\t<\/div>\n\t\t\t\t<\/div>\n\t\t<div class=\"elementor-element elementor-element-55de1d8f e-con-full e-flex e-con e-child\" data-id=\"55de1d8f\" data-element_type=\"container\" data-e-type=\"container\">\n\t\t\t\t<div class=\"elementor-element elementor-element-32854c31 elementor-widget elementor-widget-text-editor\" data-id=\"32854c31\" data-element_type=\"widget\" data-e-type=\"widget\" data-widget_type=\"text-editor.default\">\n\t\t\t\t<div class=\"elementor-widget-container\">\n\t\t\t\t\t\t\t\t\t<p><strong>4. Como d\u00e1 o seu consentimento?<\/strong><br>Quando visita mathmasters.fun pela primeira vez, aparece um banner de cookies. Isto permite-te:<\/p><p>Aceitar todos os cookies<\/p><p>Aceitar apenas os cookies necess\u00e1rios<\/p><p>Personalizar as suas defini\u00e7\u00f5es de cookies<\/p><p>Pode alterar ou retirar o seu consentimento a qualquer momento atrav\u00e9s da p\u00e1gina de defini\u00e7\u00f5es de cookies.<\/p>\t\t\t\t\t\t\t\t<\/div>\n\t\t\t\t<\/div>\n\t\t\t\t<\/div>\n\t\t<div class=\"elementor-element elementor-element-14e25e51 e-con-full e-flex e-con e-child\" data-id=\"14e25e51\" data-element_type=\"container\" data-e-type=\"container\">\n\t\t\t\t<div class=\"elementor-element elementor-element-2ddced57 elementor-widget elementor-widget-text-editor\" data-id=\"2ddced57\" data-element_type=\"widget\" data-e-type=\"widget\" data-widget_type=\"text-editor.default\">\n\t\t\t\t<div class=\"elementor-widget-container\">\n\t\t\t\t\t\t\t\t\t<p><strong>5. Gerir ou eliminar cookies<\/strong><br>Pode eliminar ou desativar os cookies atrav\u00e9s das defini\u00e7\u00f5es do seu navegador.<\/p><p>Note que algumas partes do website podem n\u00e3o funcionar corretamente se os cookies forem desativados.<\/p><p>Instru\u00e7\u00f5es por navegador:<\/p><p>Chrome: support.google.com\/chrome<\/p><p>Firefox: support.mozilla.org<\/p><p>Safari: support.apple.com<\/p><p>Edge: support.microsoft.com<\/p>\t\t\t\t\t\t\t\t<\/div>\n\t\t\t\t<\/div>\n\t\t\t\t<\/div>\n\t\t<div class=\"elementor-element elementor-element-61a6a973 e-con-full e-flex e-con e-child\" data-id=\"61a6a973\" data-element_type=\"container\" data-e-type=\"container\">\n\t\t\t\t<div class=\"elementor-element elementor-element-2bf010c2 elementor-widget elementor-widget-text-editor\" data-id=\"2bf010c2\" data-element_type=\"widget\" data-e-type=\"widget\" data-widget_type=\"text-editor.default\">\n\t\t\t\t<div class=\"elementor-widget-container\">\n\t\t\t\t\t\t\t\t\t<p><strong>6. Altera\u00e7\u00f5es a esta pol\u00edtica de cookies<\/strong><br>Podemos atualizar esta pol\u00edtica de cookies periodicamente. Quaisquer altera\u00e7\u00f5es ser\u00e3o publicadas nesta p\u00e1gina. Recomendamos que consulte esta p\u00e1gina regularmente para obter atualiza\u00e7\u00f5es.  <\/p>\t\t\t\t\t\t\t\t<\/div>\n\t\t\t\t<\/div>\n\t\t\t\t<\/div>\n\t\t<div class=\"elementor-element elementor-element-21643aec e-con-full e-flex e-con e-child\" data-id=\"21643aec\" data-element_type=\"container\" data-e-type=\"container\">\n\t\t\t\t<div class=\"elementor-element elementor-element-457e4364 elementor-widget elementor-widget-text-editor\" data-id=\"457e4364\" data-element_type=\"widget\" data-e-type=\"widget\" data-widget_type=\"text-editor.default\">\n\t\t\t\t<div class=\"elementor-widget-container\">\n\t\t\t\t\t\t\t\t\t<p><strong>Quest\u00f5es?<\/strong><br>Tem alguma quest\u00e3o sobre a nossa pol\u00edtica de cookies?<\/p><p>N\u00e3o hesite em contactar-nos atrav\u00e9s de:<br>\ud83d\udce7 info@mathmasters.fun<\/p>\t\t\t\t\t\t\t\t<\/div>\n\t\t\t\t<\/div>\n\t\t\t\t<\/div>\n\t\t\t\t<\/div>\n\t\t\t\t\t<\/div>\n\t\t\t\t<\/div>\n\t\t\t\t<\/div>\n\t\t","protected":false},"excerpt":{"rendered":"<p>Que cookies gostamos de comer? Cookie pol\u00edtica Em mathmasters.fun, utilizamos cookies e tecnologias semelhantes para proporcionar uma experi\u00eancia de s\u00edtio Web melhor, mais r\u00e1pida e mais segura. Esta pol\u00edtica de cookies explica o que s\u00e3o cookies, que tipos utilizamos e como podes gerir as tuas prefer\u00eancias. Contacte o Math Masters! A nossa pol\u00edtica 1. O [&hellip;]<\/p>\n","protected":false},"author":1,"featured_media":0,"parent":0,"menu_order":0,"comment_status":"closed","ping_status":"closed","template":"","meta":{"footnotes":""},"class_list":["post-8383","page","type-page","status-publish","hentry"],"yoast_head":"<!-- This site is optimized with the Yoast SEO plugin v27.1.1 - https:\/\/yoast.com\/product\/yoast-seo-wordpress\/ -->\n<title>Pol\u00edtica de Cookies | Math Masters<\/title>\n<meta name=\"description\" content=\"A pol\u00edtica de cookies do Math Masters baseia-se nas regras internacionais para s\u00edtios Web e, por isso, est\u00e1 em conformidade com a lei.\" \/>\n<meta name=\"robots\" content=\"index, follow, max-snippet:-1, max-image-preview:large, max-video-preview:-1\" \/>\n<link rel=\"canonical\" href=\"https:\/\/playmathmasters.com\/cookie-policy\/\" \/>\n<meta property=\"og:locale\" content=\"pt_PT\" \/>\n<meta property=\"og:type\" content=\"article\" \/>\n<meta property=\"og:title\" content=\"Pol\u00edtica de Cookies | Math Masters\" \/>\n<meta property=\"og:description\" content=\"A pol\u00edtica de cookies do Math Masters baseia-se nas regras internacionais para s\u00edtios Web e, por isso, est\u00e1 em conformidade com a lei.\" \/>\n<meta property=\"og:url\" content=\"https:\/\/playmathmasters.com\/cookie-policy\/\" \/>\n<meta property=\"og:site_name\" content=\"Math Masters\" \/>\n<meta property=\"article:modified_time\" content=\"2026-01-12T11:48:56+00:00\" \/>\n<meta property=\"og:image\" content=\"https:\/\/playmathmasters.com\/wp-content\/uploads\/2025\/12\/Math-Masters-Board-210-klein-min-min.webp\" \/>\n\t<meta property=\"og:image:width\" content=\"709\" \/>\n\t<meta property=\"og:image:height\" content=\"708\" \/>\n\t<meta property=\"og:image:type\" content=\"image\/webp\" \/>\n<meta name=\"twitter:card\" content=\"summary_large_image\" \/>\n<meta name=\"twitter:label1\" content=\"Tempo estimado de leitura\" \/>\n\t<meta name=\"twitter:data1\" content=\"2 minutos\" \/>\n<script type=\"application\/ld+json\" class=\"yoast-schema-graph\">{\"@context\":\"https:\/\/schema.org\",\"@graph\":[{\"@type\":\"WebPage\",\"@id\":\"https:\/\/playmathmasters.com\/cookie-policy\/\",\"url\":\"https:\/\/playmathmasters.com\/cookie-policy\/\",\"name\":\"Pol\u00edtica de Cookies | Math Masters\",\"isPartOf\":{\"@id\":\"https:\/\/playmathmasters.com\/#website\"},\"primaryImageOfPage\":{\"@id\":\"https:\/\/playmathmasters.com\/cookie-policy\/#primaryimage\"},\"image\":{\"@id\":\"https:\/\/playmathmasters.com\/cookie-policy\/#primaryimage\"},\"thumbnailUrl\":\"https:\/\/playmathmasters.com\/wp-content\/uploads\/2025\/12\/Math-Masters-Board-210-klein-min-min.webp\",\"datePublished\":\"2025-06-18T09:10:32+00:00\",\"dateModified\":\"2026-01-12T11:48:56+00:00\",\"description\":\"A pol\u00edtica de cookies do Math Masters baseia-se nas regras internacionais para s\u00edtios Web e, por isso, est\u00e1 em conformidade com a lei.\",\"breadcrumb\":{\"@id\":\"https:\/\/playmathmasters.com\/cookie-policy\/#breadcrumb\"},\"inLanguage\":\"pt-PT\",\"potentialAction\":[{\"@type\":\"ReadAction\",\"target\":[\"https:\/\/playmathmasters.com\/cookie-policy\/\"]}]},{\"@type\":\"ImageObject\",\"inLanguage\":\"pt-PT\",\"@id\":\"https:\/\/playmathmasters.com\/cookie-policy\/#primaryimage\",\"url\":\"https:\/\/playmathmasters.com\/wp-content\/uploads\/2025\/12\/Math-Masters-Board-210-klein-min-min.webp\",\"contentUrl\":\"https:\/\/playmathmasters.com\/wp-content\/uploads\/2025\/12\/Math-Masters-Board-210-klein-min-min.webp\"},{\"@type\":\"BreadcrumbList\",\"@id\":\"https:\/\/playmathmasters.com\/cookie-policy\/#breadcrumb\",\"itemListElement\":[{\"@type\":\"ListItem\",\"position\":1,\"name\":\"In\u00edcio\",\"item\":\"https:\/\/playmathmasters.com\/\"},{\"@type\":\"ListItem\",\"position\":2,\"name\":\"Pol\u00edtica de Cookies\"}]},{\"@type\":\"WebSite\",\"@id\":\"https:\/\/playmathmasters.com\/#website\",\"url\":\"https:\/\/playmathmasters.com\/\",\"name\":\"Math Masters - fun and educational math bord game\",\"description\":\"Jogo de tabuleiro educativo e estimulante para tornar a matem\u00e1tica divertida\",\"publisher\":{\"@id\":\"https:\/\/playmathmasters.com\/#organization\"},\"potentialAction\":[{\"@type\":\"SearchAction\",\"target\":{\"@type\":\"EntryPoint\",\"urlTemplate\":\"https:\/\/playmathmasters.com\/?s={search_term_string}\"},\"query-input\":{\"@type\":\"PropertyValueSpecification\",\"valueRequired\":true,\"valueName\":\"search_term_string\"}}],\"inLanguage\":\"pt-PT\"},{\"@type\":\"Organization\",\"@id\":\"https:\/\/playmathmasters.com\/#organization\",\"name\":\"DutchGames\",\"url\":\"https:\/\/playmathmasters.com\/\",\"logo\":{\"@type\":\"ImageObject\",\"inLanguage\":\"pt-PT\",\"@id\":\"https:\/\/playmathmasters.com\/#\/schema\/logo\/image\/\",\"url\":\"https:\/\/playmathmasters.com\/wp-content\/uploads\/2025\/11\/Favicon-Dutch-Games.png\",\"contentUrl\":\"https:\/\/playmathmasters.com\/wp-content\/uploads\/2025\/11\/Favicon-Dutch-Games.png\",\"width\":512,\"height\":512,\"caption\":\"DutchGames\"},\"image\":{\"@id\":\"https:\/\/playmathmasters.com\/#\/schema\/logo\/image\/\"}}]}<\/script>\n<!-- \/ Yoast SEO plugin. -->","yoast_head_json":{"title":"Pol\u00edtica de Cookies | Math Masters","description":"A pol\u00edtica de cookies do Math Masters baseia-se nas regras internacionais para s\u00edtios Web e, por isso, est\u00e1 em conformidade com a lei.","robots":{"index":"index","follow":"follow","max-snippet":"max-snippet:-1","max-image-preview":"max-image-preview:large","max-video-preview":"max-video-preview:-1"},"canonical":"https:\/\/playmathmasters.com\/cookie-policy\/","og_locale":"pt_PT","og_type":"article","og_title":"Pol\u00edtica de Cookies | Math Masters","og_description":"A pol\u00edtica de cookies do Math Masters baseia-se nas regras internacionais para s\u00edtios Web e, por isso, est\u00e1 em conformidade com a lei.","og_url":"https:\/\/playmathmasters.com\/cookie-policy\/","og_site_name":"Math Masters","article_modified_time":"2026-01-12T11:48:56+00:00","og_image":[{"width":709,"height":708,"url":"https:\/\/playmathmasters.com\/wp-content\/uploads\/2025\/12\/Math-Masters-Board-210-klein-min-min.webp","type":"image\/webp"}],"twitter_card":"summary_large_image","twitter_misc":{"Tempo estimado de leitura":"2 minutos"},"schema":{"@context":"https:\/\/schema.org","@graph":[{"@type":"WebPage","@id":"https:\/\/playmathmasters.com\/cookie-policy\/","url":"https:\/\/playmathmasters.com\/cookie-policy\/","name":"Pol\u00edtica de Cookies | Math Masters","isPartOf":{"@id":"https:\/\/playmathmasters.com\/#website"},"primaryImageOfPage":{"@id":"https:\/\/playmathmasters.com\/cookie-policy\/#primaryimage"},"image":{"@id":"https:\/\/playmathmasters.com\/cookie-policy\/#primaryimage"},"thumbnailUrl":"https:\/\/playmathmasters.com\/wp-content\/uploads\/2025\/12\/Math-Masters-Board-210-klein-min-min.webp","datePublished":"2025-06-18T09:10:32+00:00","dateModified":"2026-01-12T11:48:56+00:00","description":"A pol\u00edtica de cookies do Math Masters baseia-se nas regras internacionais para s\u00edtios Web e, por isso, est\u00e1 em conformidade com a lei.","breadcrumb":{"@id":"https:\/\/playmathmasters.com\/cookie-policy\/#breadcrumb"},"inLanguage":"pt-PT","potentialAction":[{"@type":"ReadAction","target":["https:\/\/playmathmasters.com\/cookie-policy\/"]}]},{"@type":"ImageObject","inLanguage":"pt-PT","@id":"https:\/\/playmathmasters.com\/cookie-policy\/#primaryimage","url":"https:\/\/playmathmasters.com\/wp-content\/uploads\/2025\/12\/Math-Masters-Board-210-klein-min-min.webp","contentUrl":"https:\/\/playmathmasters.com\/wp-content\/uploads\/2025\/12\/Math-Masters-Board-210-klein-min-min.webp"},{"@type":"BreadcrumbList","@id":"https:\/\/playmathmasters.com\/cookie-policy\/#breadcrumb","itemListElement":[{"@type":"ListItem","position":1,"name":"In\u00edcio","item":"https:\/\/playmathmasters.com\/"},{"@type":"ListItem","position":2,"name":"Pol\u00edtica de Cookies"}]},{"@type":"WebSite","@id":"https:\/\/playmathmasters.com\/#website","url":"https:\/\/playmathmasters.com\/","name":"Math Masters - fun and educational math bord game","description":"Jogo de tabuleiro educativo e estimulante para tornar a matem\u00e1tica divertida","publisher":{"@id":"https:\/\/playmathmasters.com\/#organization"},"potentialAction":[{"@type":"SearchAction","target":{"@type":"EntryPoint","urlTemplate":"https:\/\/playmathmasters.com\/?s={search_term_string}"},"query-input":{"@type":"PropertyValueSpecification","valueRequired":true,"valueName":"search_term_string"}}],"inLanguage":"pt-PT"},{"@type":"Organization","@id":"https:\/\/playmathmasters.com\/#organization","name":"DutchGames","url":"https:\/\/playmathmasters.com\/","logo":{"@type":"ImageObject","inLanguage":"pt-PT","@id":"https:\/\/playmathmasters.com\/#\/schema\/logo\/image\/","url":"https:\/\/playmathmasters.com\/wp-content\/uploads\/2025\/11\/Favicon-Dutch-Games.png","contentUrl":"https:\/\/playmathmasters.com\/wp-content\/uploads\/2025\/11\/Favicon-Dutch-Games.png","width":512,"height":512,"caption":"DutchGames"},"image":{"@id":"https:\/\/playmathmasters.com\/#\/schema\/logo\/image\/"}}]}},"_links":{"self":[{"href":"https:\/\/playmathmasters.com\/pt-pt\/wp-json\/wp\/v2\/pages\/8383","targetHints":{"allow":["GET"]}}],"collection":[{"href":"https:\/\/playmathmasters.com\/pt-pt\/wp-json\/wp\/v2\/pages"}],"about":[{"href":"https:\/\/playmathmasters.com\/pt-pt\/wp-json\/wp\/v2\/types\/page"}],"author":[{"embeddable":true,"href":"https:\/\/playmathmasters.com\/pt-pt\/wp-json\/wp\/v2\/users\/1"}],"replies":[{"embeddable":true,"href":"https:\/\/playmathmasters.com\/pt-pt\/wp-json\/wp\/v2\/comments?post=8383"}],"version-history":[{"count":3,"href":"https:\/\/playmathmasters.com\/pt-pt\/wp-json\/wp\/v2\/pages\/8383\/revisions"}],"predecessor-version":[{"id":8410,"href":"https:\/\/playmathmasters.com\/pt-pt\/wp-json\/wp\/v2\/pages\/8383\/revisions\/8410"}],"wp:attachment":[{"href":"https:\/\/playmathmasters.com\/pt-pt\/wp-json\/wp\/v2\/media?parent=8383"}],"curies":[{"name":"wp","href":"https:\/\/api.w.org\/{rel}","templated":true}]}}