{"id":9604,"date":"2026-01-18T18:05:49","date_gmt":"2026-01-18T18:05:49","guid":{"rendered":"https:\/\/playmathmasters.com\/como-jogar-math-masters\/"},"modified":"2026-02-11T14:40:16","modified_gmt":"2026-02-11T14:40:16","slug":"como-jogar-math-masters","status":"publish","type":"page","link":"https:\/\/playmathmasters.com\/pt-pt\/como-jogar-math-masters\/","title":{"rendered":"Como jogar Math Masters"},"content":{"rendered":"\t\t<div data-elementor-type=\"wp-page\" data-elementor-id=\"9604\" class=\"elementor elementor-9604 elementor-9584\" data-elementor-post-type=\"page\">\n\t\t\t\t<div class=\"elementor-element elementor-element-7a94616 e-flex e-con-boxed e-con e-parent\" data-id=\"7a94616\" data-element_type=\"container\" data-e-type=\"container\" data-settings=\"{&quot;background_background&quot;:&quot;classic&quot;}\">\n\t\t\t\t\t<div class=\"e-con-inner\">\n\t\t<div class=\"elementor-element elementor-element-3d124ef e-con-full e-flex e-con e-child\" data-id=\"3d124ef\" data-element_type=\"container\" data-e-type=\"container\">\n\t\t\t\t<div class=\"elementor-element elementor-element-95254a8 elementor-widget elementor-widget-heading\" data-id=\"95254a8\" data-element_type=\"widget\" data-e-type=\"widget\" data-widget_type=\"heading.default\">\n\t\t\t\t<div class=\"elementor-widget-container\">\n\t\t\t\t\t<p class=\"elementor-heading-title elementor-size-default\">A configurar o Math Masters pela primeira vez?\nDeixa-nos guiar-te!<\/p>\t\t\t\t<\/div>\n\t\t\t\t<\/div>\n\t\t\t\t<div class=\"elementor-element elementor-element-d1a8c0d elementor-widget elementor-widget-heading\" data-id=\"d1a8c0d\" data-element_type=\"widget\" data-e-type=\"widget\" data-widget_type=\"heading.default\">\n\t\t\t\t<div class=\"elementor-widget-container\">\n\t\t\t\t\t<h2 class=\"elementor-heading-title elementor-size-default\">Como jogar<\/h2>\t\t\t\t<\/div>\n\t\t\t\t<\/div>\n\t\t\t\t<div class=\"elementor-element elementor-element-7705420 gradi-fn t elementor-widget elementor-widget-heading\" data-id=\"7705420\" data-element_type=\"widget\" data-e-type=\"widget\" data-widget_type=\"heading.default\">\n\t\t\t\t<div class=\"elementor-widget-container\">\n\t\t\t\t\t<h2 class=\"elementor-heading-title elementor-size-default\"> <span class=\"head-fnt-blu\">Math Masters?<\/span><\/h2>\t\t\t\t<\/div>\n\t\t\t\t<\/div>\n\t\t\t\t<div class=\"elementor-element elementor-element-4c042aa elementor-widget__width-initial elementor-widget elementor-widget-text-editor\" data-id=\"4c042aa\" data-element_type=\"widget\" data-e-type=\"widget\" data-widget_type=\"text-editor.default\">\n\t\t\t\t<div class=\"elementor-widget-container\">\n\t\t\t\t\t\t\t\t\t<p>Vamos ajudar-te a jogar Math Masters. As regras n\u00e3o s\u00e3o assim t\u00e3o dif\u00edceis porque um jogo n\u00e3o deve ser dif\u00edcil. <\/p>\t\t\t\t\t\t\t\t<\/div>\n\t\t\t\t<\/div>\n\t\t\t\t<\/div>\n\t\t\t\t\t<\/div>\n\t\t\t\t<\/div>\n\t\t<div class=\"elementor-element elementor-element-595a8d3 e-flex e-con-boxed e-con e-parent\" data-id=\"595a8d3\" data-element_type=\"container\" data-e-type=\"container\" data-settings=\"{&quot;background_background&quot;:&quot;classic&quot;}\">\n\t\t\t\t\t<div class=\"e-con-inner\">\n\t\t<div class=\"elementor-element elementor-element-89e7313 e-con-full e-flex e-con e-child\" data-id=\"89e7313\" data-element_type=\"container\" data-e-type=\"container\">\n\t\t<div class=\"elementor-element elementor-element-6b6785e e-con-full e-flex e-con e-child\" data-id=\"6b6785e\" data-element_type=\"container\" data-e-type=\"container\">\n\t\t\t\t<div class=\"elementor-element elementor-element-2a50e43 elementor-widget elementor-widget-heading\" data-id=\"2a50e43\" data-element_type=\"widget\" data-e-type=\"widget\" data-widget_type=\"heading.default\">\n\t\t\t\t<div class=\"elementor-widget-container\">\n\t\t\t\t\t<h2 class=\"elementor-heading-title elementor-size-default\">Como jogar<\/h2>\t\t\t\t<\/div>\n\t\t\t\t<\/div>\n\t\t\t\t<div class=\"elementor-element elementor-element-d98ed8c elementor-widget elementor-widget-heading\" data-id=\"d98ed8c\" data-element_type=\"widget\" data-e-type=\"widget\" data-widget_type=\"heading.default\">\n\t\t\t\t<div class=\"elementor-widget-container\">\n\t\t\t\t\t<h2 class=\"elementor-heading-title elementor-size-default\">Math Masters?<\/h2>\t\t\t\t<\/div>\n\t\t\t\t<\/div>\n\t\t\t\t<\/div>\n\t\t\t\t<div class=\"elementor-element elementor-element-90a394f elementor-widget__width-initial elementor-widget elementor-widget-text-editor\" data-id=\"90a394f\" data-element_type=\"widget\" data-e-type=\"widget\" data-widget_type=\"text-editor.default\">\n\t\t\t\t<div class=\"elementor-widget-container\">\n\t\t\t\t\t\t\t\t\t<p data-start=\"72\" data-end=\"218\"><strong data-start=\"111\" data-end=\"152\"><span class=\"hover:entity-accent entity-underline inline cursor-pointer align-baseline\"><span class=\"whitespace-normal\">Math Masters:<\/span><\/span><\/strong> o jogo de tabuleiro de matem\u00e1tica aventureiro onde a aprendizagem parece uma brincadeira.<\/p><p data-start=\"220\" data-end=\"484\">Nesta p\u00e1gina, encontrar\u00e1s um <strong data-start=\"247\" data-end=\"295\">v\u00eddeo de instru\u00e7\u00f5es passo a passo claro e divertido<\/strong> que te mostra exatamente como se joga o Math Masters. Desde a configura\u00e7\u00e3o do tabuleiro at\u00e9 \u00e0 vez de jogar, passando pela utiliza\u00e7\u00e3o das cartas e pela corrida para a vit\u00f3ria, tudo \u00e9 explicado de uma forma f\u00e1cil e envolvente.<\/p><p data-start=\"682\" data-end=\"892\">O Math Masters transforma <strong data-start=\"701\" data-end=\"739\">c\u00e1lculo mental, aventura e estrat\u00e9gia<\/strong> numa aventura emocionante. Enquanto os jogadores resolvem desafios matem\u00e1ticos, ganham confian\u00e7a, aperfei\u00e7oam as suas capacidades e divertem-se juntos.<\/p><p data-start=\"894\" data-end=\"1003\" data-is-last-node=\"\" data-is-only-node=\"\">Clica em jogar, prepara o tabuleiro e que a aventura comece.<br data-start=\"951\" data-end=\"954\">Diverte-te com o jogo e torna-te um verdadeiro Mestre da Matem\u00e1tica!<\/p>\t\t\t\t\t\t\t\t<\/div>\n\t\t\t\t<\/div>\n\t\t\t\t<\/div>\n\t\t<div class=\"elementor-element elementor-element-090d180 e-con-full e-flex e-con e-child\" data-id=\"090d180\" data-element_type=\"container\" data-e-type=\"container\" data-settings=\"{&quot;background_background&quot;:&quot;classic&quot;}\">\n\t\t\t\t<div class=\"elementor-element elementor-element-cbdfb93 elementor-widget elementor-widget-video\" data-id=\"cbdfb93\" data-element_type=\"widget\" data-e-type=\"widget\" data-settings=\"{&quot;youtube_url&quot;:&quot;https:\\\/\\\/youtu.be\\\/l0TYNyTVuLw&quot;,&quot;autoplay&quot;:&quot;yes&quot;,&quot;play_on_mobile&quot;:&quot;yes&quot;,&quot;mute&quot;:&quot;yes&quot;,&quot;loop&quot;:&quot;yes&quot;,&quot;video_type&quot;:&quot;youtube&quot;,&quot;controls&quot;:&quot;yes&quot;}\" data-widget_type=\"video.default\">\n\t\t\t\t<div class=\"elementor-widget-container\">\n\t\t\t\t\t\t\t<div class=\"elementor-wrapper elementor-open-inline\">\n\t\t\t<div class=\"elementor-video\"><\/div>\t\t<\/div>\n\t\t\t\t\t\t<\/div>\n\t\t\t\t<\/div>\n\t\t\t\t<\/div>\n\t\t\t\t\t<\/div>\n\t\t\t\t<\/div>\n\t\t<div class=\"elementor-element elementor-element-b04a69c e-flex e-con-boxed e-con e-parent\" data-id=\"b04a69c\" data-element_type=\"container\" data-e-type=\"container\">\n\t\t\t\t\t<div class=\"e-con-inner\">\n\t\t<div class=\"elementor-element elementor-element-1f86385 e-con-full e-flex e-con e-child\" data-id=\"1f86385\" data-element_type=\"container\" data-e-type=\"container\">\n\t\t\t\t<div class=\"elementor-element elementor-element-ca9473d elementor-widget elementor-widget-image\" data-id=\"ca9473d\" data-element_type=\"widget\" data-e-type=\"widget\" data-widget_type=\"image.default\">\n\t\t\t\t<div class=\"elementor-widget-container\">\n\t\t\t\t\t\t\t\t\t\t\t\t\t\t\t<img fetchpriority=\"high\" decoding=\"async\" width=\"500\" height=\"375\" src=\"https:\/\/playmathmasters.com\/wp-content\/uploads\/2026\/01\/Math-Masters-the-game100-1-1.webp\" class=\"attachment-large size-large wp-image-8784\" alt=\"como-jogar-Math-Masters-o-jogo100-1 (1)\" srcset=\"https:\/\/playmathmasters.com\/wp-content\/uploads\/2026\/01\/Math-Masters-the-game100-1-1.webp 500w, https:\/\/playmathmasters.com\/wp-content\/uploads\/2026\/01\/Math-Masters-the-game100-1-1-300x225.webp 300w\" sizes=\"(max-width: 500px) 100vw, 500px\" \/>\t\t\t\t\t\t\t\t\t\t\t\t\t\t\t<\/div>\n\t\t\t\t<\/div>\n\t\t\t\t<\/div>\n\t\t<div class=\"elementor-element elementor-element-4b34ac5 e-con-full e-flex e-con e-child\" data-id=\"4b34ac5\" data-element_type=\"container\" data-e-type=\"container\">\n\t\t\t\t<div class=\"elementor-element elementor-element-027fee0 elementor-widget elementor-widget-image\" data-id=\"027fee0\" data-element_type=\"widget\" data-e-type=\"widget\" data-widget_type=\"image.default\">\n\t\t\t\t<div class=\"elementor-widget-container\">\n\t\t\t\t\t\t\t\t\t\t\t\t\t\t\t<img decoding=\"async\" width=\"577\" height=\"433\" src=\"https:\/\/playmathmasters.com\/wp-content\/uploads\/2026\/01\/Math-Masters-the-game-board-210-removebg-preview-1.webp\" class=\"attachment-large size-large wp-image-8785\" alt=\"como-jogar-Math-Masters-o-jogo-tabuleiro-210-preview\" srcset=\"https:\/\/playmathmasters.com\/wp-content\/uploads\/2026\/01\/Math-Masters-the-game-board-210-removebg-preview-1.webp 577w, https:\/\/playmathmasters.com\/wp-content\/uploads\/2026\/01\/Math-Masters-the-game-board-210-removebg-preview-1-300x225.webp 300w\" sizes=\"(max-width: 577px) 100vw, 577px\" \/>\t\t\t\t\t\t\t\t\t\t\t\t\t\t\t<\/div>\n\t\t\t\t<\/div>\n\t\t\t\t<\/div>\n\t\t\t\t\t<\/div>\n\t\t\t\t<\/div>\n\t\t<div class=\"elementor-element elementor-element-9315415 e-flex e-con-boxed e-con e-parent\" data-id=\"9315415\" data-element_type=\"container\" data-e-type=\"container\" data-settings=\"{&quot;background_background&quot;:&quot;classic&quot;}\">\n\t\t\t\t\t<div class=\"e-con-inner\">\n\t\t<div class=\"elementor-element elementor-element-54608a3 e-con-full e-flex e-con e-child\" data-id=\"54608a3\" data-element_type=\"container\" data-e-type=\"container\">\n\t\t<div class=\"elementor-element elementor-element-bd67831 e-con-full e-flex e-con e-child\" data-id=\"bd67831\" data-element_type=\"container\" data-e-type=\"container\">\n\t\t\t\t<div class=\"elementor-element elementor-element-022b201 elementor-widget elementor-widget-heading\" data-id=\"022b201\" data-element_type=\"widget\" data-e-type=\"widget\" data-widget_type=\"heading.default\">\n\t\t\t\t<div class=\"elementor-widget-container\">\n\t\t\t\t\t<h2 class=\"elementor-heading-title elementor-size-default\">Aprender a jogar<\/h2>\t\t\t\t<\/div>\n\t\t\t\t<\/div>\n\t\t\t\t<div class=\"elementor-element elementor-element-c0fbd4a elementor-widget elementor-widget-heading\" data-id=\"c0fbd4a\" data-element_type=\"widget\" data-e-type=\"widget\" data-widget_type=\"heading.default\">\n\t\t\t\t<div class=\"elementor-widget-container\">\n\t\t\t\t\t<h2 class=\"elementor-heading-title elementor-size-default\">jogar para aprender<\/h2>\t\t\t\t<\/div>\n\t\t\t\t<\/div>\n\t\t\t\t<\/div>\n\t\t\t\t<div class=\"elementor-element elementor-element-36b2a1b elementor-widget__width-initial elementor-widget elementor-widget-text-editor\" data-id=\"36b2a1b\" data-element_type=\"widget\" data-e-type=\"widget\" data-widget_type=\"text-editor.default\">\n\t\t\t\t<div class=\"elementor-widget-container\">\n\t\t\t\t\t\t\t\t\t<p data-start=\"265\" data-end=\"607\">Um dos maiores pontos fortes do <strong data-start=\"298\" data-end=\"339\"><span class=\"hover:entity-accent entity-underline inline cursor-pointer align-baseline\"><span class=\"whitespace-normal\">Math Masters<\/span><\/span><\/strong> \u00e9 que combina aprendizagem e brincadeira de uma forma natural. Os jogadores n\u00e3o precisam de \u201cmudar para o modo de aprendizagem\u201d. A mec\u00e2nica do jogo guia-os automaticamente. Cada jogada convida os jogadores a pensar, calcular e fazer escolhas, tudo enquanto permanecem totalmente envolvidos na aventura.<\/p><p data-start=\"609\" data-end=\"924\">O Math Masters foi concebido para ser f\u00e1cil de aprender, mas desafiante de dominar. As regras b\u00e1sicas s\u00e3o suficientemente simples para os jogadores mais jovens compreenderem rapidamente, enquanto a profundidade do jogo mant\u00e9m as crian\u00e7as mais velhas e os adultos interessados. Isto torna-o perfeito para grupos de idades mistas, fam\u00edlias, salas de aula, ensino dom\u00e9stico e atividades extracurriculares.  <\/p><p data-start=\"609\" data-end=\"924\"> <\/p><p data-start=\"964\" data-end=\"1341\">A estrutura do jogo garante que cada ronda parece familiar, mas nunca h\u00e1 dois jogos iguais. Cartas diferentes, percursos pelo tabuleiro e decis\u00f5es tomadas pelos jogadores criam novas situa\u00e7\u00f5es de cada vez que jogas. Esta variedade mant\u00e9m as crian\u00e7as motivadas para jogar repetidamente. Isto significa que praticam as suas capacidades matem\u00e1ticas repetidamente sem nunca se sentirem repetitivas.   <\/p><p data-start=\"1343\" data-end=\"1575\">Como o jogo se concentra no c\u00e1lculo mental, os jogadores melhoram a velocidade, a confian\u00e7a e a precis\u00e3o ao longo do tempo. Os erros fazem parte do jogo e nunca s\u00e3o punidos. Em vez disso, tornam-se momentos de aprendizagem que ajudam os jogadores a crescer e a melhorar naturalmente.  <\/p>\t\t\t\t\t\t\t\t<\/div>\n\t\t\t\t<\/div>\n\t\t\t\t<\/div>\n\t\t\t\t\t<\/div>\n\t\t\t\t<\/div>\n\t\t\t\t<\/div>\n\t\t","protected":false},"excerpt":{"rendered":"<p>A configurar o Math Masters pela primeira vez? Deixa-nos guiar-te! Como jogar Math Masters? Vamos ajudar-te a jogar Math Masters. As regras n\u00e3o s\u00e3o assim t\u00e3o dif\u00edceis porque um jogo n\u00e3o deve ser dif\u00edcil. Como jogar Math Masters? Math Masters: o jogo de tabuleiro de matem\u00e1tica aventureiro onde a aprendizagem parece uma brincadeira. Nesta p\u00e1gina, [&hellip;]<\/p>\n","protected":false},"author":1,"featured_media":0,"parent":0,"menu_order":0,"comment_status":"closed","ping_status":"closed","template":"","meta":{"footnotes":""},"class_list":["post-9604","page","type-page","status-publish","hentry"],"yoast_head":"<!-- This site is optimized with the Yoast SEO plugin v27.1.1 - https:\/\/yoast.com\/product\/yoast-seo-wordpress\/ -->\n<title>Como jogar Math Masters | Math Masters<\/title>\n<meta name=\"description\" content=\"Vamos ajudar-te a jogar Math Masters. As regras n\u00e3o s\u00e3o assim t\u00e3o dif\u00edceis, porque um jogo n\u00e3o deve ser dif\u00edcil.\" \/>\n<meta name=\"robots\" content=\"index, follow, max-snippet:-1, max-image-preview:large, max-video-preview:-1\" \/>\n<link rel=\"canonical\" href=\"https:\/\/playmathmasters.com\/pt-pt\/como-jogar-math-masters\/\" \/>\n<meta property=\"og:locale\" content=\"pt_PT\" \/>\n<meta property=\"og:type\" content=\"article\" \/>\n<meta property=\"og:title\" content=\"Como jogar Math Masters | Math Masters\" \/>\n<meta property=\"og:description\" content=\"Vamos ajudar-te a jogar Math Masters. As regras n\u00e3o s\u00e3o assim t\u00e3o dif\u00edceis, porque um jogo n\u00e3o deve ser dif\u00edcil.\" \/>\n<meta property=\"og:url\" content=\"https:\/\/playmathmasters.com\/pt-pt\/como-jogar-math-masters\/\" \/>\n<meta property=\"og:site_name\" content=\"Math Masters\" \/>\n<meta property=\"article:modified_time\" content=\"2026-02-11T14:40:16+00:00\" \/>\n<meta property=\"og:image\" content=\"https:\/\/playmathmasters.com\/wp-content\/uploads\/2026\/01\/Math-Masters-the-game100-1-1.webp\" \/>\n\t<meta property=\"og:image:width\" content=\"500\" \/>\n\t<meta property=\"og:image:height\" content=\"375\" \/>\n\t<meta property=\"og:image:type\" content=\"image\/webp\" \/>\n<meta name=\"twitter:card\" content=\"summary_large_image\" \/>\n<meta name=\"twitter:label1\" content=\"Tempo estimado de leitura\" \/>\n\t<meta name=\"twitter:data1\" content=\"2 minutos\" \/>\n<script type=\"application\/ld+json\" class=\"yoast-schema-graph\">{\"@context\":\"https:\/\/schema.org\",\"@graph\":[{\"@type\":\"WebPage\",\"@id\":\"https:\/\/playmathmasters.com\/pt-pt\/como-jogar-math-masters\/\",\"url\":\"https:\/\/playmathmasters.com\/pt-pt\/como-jogar-math-masters\/\",\"name\":\"Como jogar Math Masters | Math Masters\",\"isPartOf\":{\"@id\":\"https:\/\/playmathmasters.com\/#website\"},\"primaryImageOfPage\":{\"@id\":\"https:\/\/playmathmasters.com\/pt-pt\/como-jogar-math-masters\/#primaryimage\"},\"image\":{\"@id\":\"https:\/\/playmathmasters.com\/pt-pt\/como-jogar-math-masters\/#primaryimage\"},\"thumbnailUrl\":\"https:\/\/playmathmasters.com\/wp-content\/uploads\/2026\/01\/Math-Masters-the-game100-1-1.webp\",\"datePublished\":\"2026-01-18T18:05:49+00:00\",\"dateModified\":\"2026-02-11T14:40:16+00:00\",\"description\":\"Vamos ajudar-te a jogar Math Masters. As regras n\u00e3o s\u00e3o assim t\u00e3o dif\u00edceis, porque um jogo n\u00e3o deve ser dif\u00edcil.\",\"breadcrumb\":{\"@id\":\"https:\/\/playmathmasters.com\/pt-pt\/como-jogar-math-masters\/#breadcrumb\"},\"inLanguage\":\"pt-PT\",\"potentialAction\":[{\"@type\":\"ReadAction\",\"target\":[\"https:\/\/playmathmasters.com\/pt-pt\/como-jogar-math-masters\/\"]}]},{\"@type\":\"ImageObject\",\"inLanguage\":\"pt-PT\",\"@id\":\"https:\/\/playmathmasters.com\/pt-pt\/como-jogar-math-masters\/#primaryimage\",\"url\":\"https:\/\/playmathmasters.com\/wp-content\/uploads\/2026\/01\/Math-Masters-the-game100-1-1.webp\",\"contentUrl\":\"https:\/\/playmathmasters.com\/wp-content\/uploads\/2026\/01\/Math-Masters-the-game100-1-1.webp\"},{\"@type\":\"BreadcrumbList\",\"@id\":\"https:\/\/playmathmasters.com\/pt-pt\/como-jogar-math-masters\/#breadcrumb\",\"itemListElement\":[{\"@type\":\"ListItem\",\"position\":1,\"name\":\"In\u00edcio\",\"item\":\"https:\/\/playmathmasters.com\/\"},{\"@type\":\"ListItem\",\"position\":2,\"name\":\"Como jogar Math Masters\"}]},{\"@type\":\"WebSite\",\"@id\":\"https:\/\/playmathmasters.com\/#website\",\"url\":\"https:\/\/playmathmasters.com\/\",\"name\":\"Math Masters - fun and educational math bord game\",\"description\":\"Jogo de tabuleiro educativo e estimulante para tornar a matem\u00e1tica divertida\",\"publisher\":{\"@id\":\"https:\/\/playmathmasters.com\/#organization\"},\"potentialAction\":[{\"@type\":\"SearchAction\",\"target\":{\"@type\":\"EntryPoint\",\"urlTemplate\":\"https:\/\/playmathmasters.com\/?s={search_term_string}\"},\"query-input\":{\"@type\":\"PropertyValueSpecification\",\"valueRequired\":true,\"valueName\":\"search_term_string\"}}],\"inLanguage\":\"pt-PT\"},{\"@type\":\"Organization\",\"@id\":\"https:\/\/playmathmasters.com\/#organization\",\"name\":\"DutchGames\",\"url\":\"https:\/\/playmathmasters.com\/\",\"logo\":{\"@type\":\"ImageObject\",\"inLanguage\":\"pt-PT\",\"@id\":\"https:\/\/playmathmasters.com\/#\/schema\/logo\/image\/\",\"url\":\"https:\/\/playmathmasters.com\/wp-content\/uploads\/2025\/11\/Favicon-Dutch-Games.png\",\"contentUrl\":\"https:\/\/playmathmasters.com\/wp-content\/uploads\/2025\/11\/Favicon-Dutch-Games.png\",\"width\":512,\"height\":512,\"caption\":\"DutchGames\"},\"image\":{\"@id\":\"https:\/\/playmathmasters.com\/#\/schema\/logo\/image\/\"}}]}<\/script>\n<!-- \/ Yoast SEO plugin. -->","yoast_head_json":{"title":"Como jogar Math Masters | Math Masters","description":"Vamos ajudar-te a jogar Math Masters. As regras n\u00e3o s\u00e3o assim t\u00e3o dif\u00edceis, porque um jogo n\u00e3o deve ser dif\u00edcil.","robots":{"index":"index","follow":"follow","max-snippet":"max-snippet:-1","max-image-preview":"max-image-preview:large","max-video-preview":"max-video-preview:-1"},"canonical":"https:\/\/playmathmasters.com\/pt-pt\/como-jogar-math-masters\/","og_locale":"pt_PT","og_type":"article","og_title":"Como jogar Math Masters | Math Masters","og_description":"Vamos ajudar-te a jogar Math Masters. As regras n\u00e3o s\u00e3o assim t\u00e3o dif\u00edceis, porque um jogo n\u00e3o deve ser dif\u00edcil.","og_url":"https:\/\/playmathmasters.com\/pt-pt\/como-jogar-math-masters\/","og_site_name":"Math Masters","article_modified_time":"2026-02-11T14:40:16+00:00","og_image":[{"width":500,"height":375,"url":"https:\/\/playmathmasters.com\/wp-content\/uploads\/2026\/01\/Math-Masters-the-game100-1-1.webp","type":"image\/webp"}],"twitter_card":"summary_large_image","twitter_misc":{"Tempo estimado de leitura":"2 minutos"},"schema":{"@context":"https:\/\/schema.org","@graph":[{"@type":"WebPage","@id":"https:\/\/playmathmasters.com\/pt-pt\/como-jogar-math-masters\/","url":"https:\/\/playmathmasters.com\/pt-pt\/como-jogar-math-masters\/","name":"Como jogar Math Masters | Math Masters","isPartOf":{"@id":"https:\/\/playmathmasters.com\/#website"},"primaryImageOfPage":{"@id":"https:\/\/playmathmasters.com\/pt-pt\/como-jogar-math-masters\/#primaryimage"},"image":{"@id":"https:\/\/playmathmasters.com\/pt-pt\/como-jogar-math-masters\/#primaryimage"},"thumbnailUrl":"https:\/\/playmathmasters.com\/wp-content\/uploads\/2026\/01\/Math-Masters-the-game100-1-1.webp","datePublished":"2026-01-18T18:05:49+00:00","dateModified":"2026-02-11T14:40:16+00:00","description":"Vamos ajudar-te a jogar Math Masters. As regras n\u00e3o s\u00e3o assim t\u00e3o dif\u00edceis, porque um jogo n\u00e3o deve ser dif\u00edcil.","breadcrumb":{"@id":"https:\/\/playmathmasters.com\/pt-pt\/como-jogar-math-masters\/#breadcrumb"},"inLanguage":"pt-PT","potentialAction":[{"@type":"ReadAction","target":["https:\/\/playmathmasters.com\/pt-pt\/como-jogar-math-masters\/"]}]},{"@type":"ImageObject","inLanguage":"pt-PT","@id":"https:\/\/playmathmasters.com\/pt-pt\/como-jogar-math-masters\/#primaryimage","url":"https:\/\/playmathmasters.com\/wp-content\/uploads\/2026\/01\/Math-Masters-the-game100-1-1.webp","contentUrl":"https:\/\/playmathmasters.com\/wp-content\/uploads\/2026\/01\/Math-Masters-the-game100-1-1.webp"},{"@type":"BreadcrumbList","@id":"https:\/\/playmathmasters.com\/pt-pt\/como-jogar-math-masters\/#breadcrumb","itemListElement":[{"@type":"ListItem","position":1,"name":"In\u00edcio","item":"https:\/\/playmathmasters.com\/"},{"@type":"ListItem","position":2,"name":"Como jogar Math Masters"}]},{"@type":"WebSite","@id":"https:\/\/playmathmasters.com\/#website","url":"https:\/\/playmathmasters.com\/","name":"Math Masters - fun and educational math bord game","description":"Jogo de tabuleiro educativo e estimulante para tornar a matem\u00e1tica divertida","publisher":{"@id":"https:\/\/playmathmasters.com\/#organization"},"potentialAction":[{"@type":"SearchAction","target":{"@type":"EntryPoint","urlTemplate":"https:\/\/playmathmasters.com\/?s={search_term_string}"},"query-input":{"@type":"PropertyValueSpecification","valueRequired":true,"valueName":"search_term_string"}}],"inLanguage":"pt-PT"},{"@type":"Organization","@id":"https:\/\/playmathmasters.com\/#organization","name":"DutchGames","url":"https:\/\/playmathmasters.com\/","logo":{"@type":"ImageObject","inLanguage":"pt-PT","@id":"https:\/\/playmathmasters.com\/#\/schema\/logo\/image\/","url":"https:\/\/playmathmasters.com\/wp-content\/uploads\/2025\/11\/Favicon-Dutch-Games.png","contentUrl":"https:\/\/playmathmasters.com\/wp-content\/uploads\/2025\/11\/Favicon-Dutch-Games.png","width":512,"height":512,"caption":"DutchGames"},"image":{"@id":"https:\/\/playmathmasters.com\/#\/schema\/logo\/image\/"}}]}},"_links":{"self":[{"href":"https:\/\/playmathmasters.com\/pt-pt\/wp-json\/wp\/v2\/pages\/9604","targetHints":{"allow":["GET"]}}],"collection":[{"href":"https:\/\/playmathmasters.com\/pt-pt\/wp-json\/wp\/v2\/pages"}],"about":[{"href":"https:\/\/playmathmasters.com\/pt-pt\/wp-json\/wp\/v2\/types\/page"}],"author":[{"embeddable":true,"href":"https:\/\/playmathmasters.com\/pt-pt\/wp-json\/wp\/v2\/users\/1"}],"replies":[{"embeddable":true,"href":"https:\/\/playmathmasters.com\/pt-pt\/wp-json\/wp\/v2\/comments?post=9604"}],"version-history":[{"count":11,"href":"https:\/\/playmathmasters.com\/pt-pt\/wp-json\/wp\/v2\/pages\/9604\/revisions"}],"predecessor-version":[{"id":10412,"href":"https:\/\/playmathmasters.com\/pt-pt\/wp-json\/wp\/v2\/pages\/9604\/revisions\/10412"}],"wp:attachment":[{"href":"https:\/\/playmathmasters.com\/pt-pt\/wp-json\/wp\/v2\/media?parent=9604"}],"curies":[{"name":"wp","href":"https:\/\/api.w.org\/{rel}","templated":true}]}}