{"id":11303,"date":"2025-06-18T09:10:32","date_gmt":"2025-06-18T09:10:32","guid":{"rendered":"https:\/\/playmathmasters.com\/cookiepolicy\/"},"modified":"2026-02-20T20:56:45","modified_gmt":"2026-02-20T20:56:45","slug":"cookiepolicy","status":"publish","type":"page","link":"https:\/\/playmathmasters.com\/sv\/cookiepolicy\/","title":{"rendered":"Cookiepolicy"},"content":{"rendered":"\t\t<div data-elementor-type=\"wp-page\" data-elementor-id=\"11303\" class=\"elementor elementor-11303 elementor-1377\" data-elementor-post-type=\"page\">\n\t\t\t\t<div class=\"elementor-element elementor-element-cdecc5f e-flex e-con-boxed e-con e-parent\" data-id=\"cdecc5f\" data-element_type=\"container\" data-e-type=\"container\" data-settings=\"{&quot;background_background&quot;:&quot;classic&quot;}\">\n\t\t\t\t\t<div class=\"e-con-inner\">\n\t\t<div class=\"elementor-element elementor-element-d38801f e-con-full e-flex e-con e-child\" data-id=\"d38801f\" data-element_type=\"container\" data-e-type=\"container\">\n\t\t\t\t<div class=\"elementor-element elementor-element-234ffc67 elementor-widget elementor-widget-heading\" data-id=\"234ffc67\" data-element_type=\"widget\" data-e-type=\"widget\" data-widget_type=\"heading.default\">\n\t\t\t\t<div class=\"elementor-widget-container\">\n\t\t\t\t\t<p class=\"elementor-heading-title elementor-size-default\">Vilka cookies gillar vi att \u00e4ta?<\/p>\t\t\t\t<\/div>\n\t\t\t\t<\/div>\n\t\t<div class=\"elementor-element elementor-element-6dbb7b80 e-con-full e-flex e-con e-child\" data-id=\"6dbb7b80\" data-element_type=\"container\" data-e-type=\"container\">\n\t\t\t\t<div class=\"elementor-element elementor-element-2b96811a elementor-widget elementor-widget-heading\" data-id=\"2b96811a\" data-element_type=\"widget\" data-e-type=\"widget\" data-widget_type=\"heading.default\">\n\t\t\t\t<div class=\"elementor-widget-container\">\n\t\t\t\t\t<h2 class=\"elementor-heading-title elementor-size-default\">Cookie<\/h2>\t\t\t\t<\/div>\n\t\t\t\t<\/div>\n\t\t\t\t<div class=\"elementor-element elementor-element-1f8c8dbf gradi-fn t elementor-widget elementor-widget-heading\" data-id=\"1f8c8dbf\" data-element_type=\"widget\" data-e-type=\"widget\" data-widget_type=\"heading.default\">\n\t\t\t\t<div class=\"elementor-widget-container\">\n\t\t\t\t\t<h2 class=\"elementor-heading-title elementor-size-default\"><span class=\"head-fnt-blu\">policy<\/span><\/h2>\t\t\t\t<\/div>\n\t\t\t\t<\/div>\n\t\t\t\t<\/div>\n\t\t\t\t<div class=\"elementor-element elementor-element-252f253d elementor-widget__width-initial elementor-widget elementor-widget-text-editor\" data-id=\"252f253d\" data-element_type=\"widget\" data-e-type=\"widget\" data-widget_type=\"text-editor.default\">\n\t\t\t\t<div class=\"elementor-widget-container\">\n\t\t\t\t\t\t\t\t\tP\u00e5 mathmasters.fun anv\u00e4nder vi cookies och liknande tekniker f\u00f6r att ge en b\u00e4ttre, snabbare och s\u00e4krare webbplatsupplevelse. Den h\u00e4r cookiepolicyn f\u00f6rklarar vad cookies \u00e4r, vilka typer vi anv\u00e4nder och hur du kan hantera dina inst\u00e4llningar. \t\t\t\t\t\t\t\t<\/div>\n\t\t\t\t<\/div>\n\t\t\t\t<div class=\"elementor-element elementor-element-60740853 elementor-widget-mobile__width-inherit elementor-widget elementor-widget-ucaddon_color_overlay_button\" data-id=\"60740853\" data-element_type=\"widget\" data-e-type=\"widget\" data-widget_type=\"ucaddon_color_overlay_button.default\">\n\t\t\t\t<div class=\"elementor-widget-container\">\n\t\t\t\t\t\n<!-- start Overlay Button -->\n<style>\/* widget: Overlay Button *\/\n\n#uc_color_overlay_button_elementor_60740853 a.color-overlay-link\n{\n  display:inline-block;\n  position:relative;\n  text-decoration:none;\n  overflow:hidden;\n}\n\n#uc_color_overlay_button_elementor_60740853 a span.ue-color-overlay\n{\n  display:block;\n  position:absolute;\n  top:0px;\n  right:0px;\n}\n\n#uc_color_overlay_button_elementor_60740853 a .ue-btn-txt\n{\n  position:relative;\n  display: flex;\n  align-items: center;\n  flex-direction: row;\n}\n#uc_color_overlay_button_elementor_60740853 a .ue-btn-txt svg\n{\n  width:1em;\n  height:1em;\n}\n\n<\/style>\n\n<div id=\"uc_color_overlay_button_elementor_60740853\" class=\"color-overlay-button\">\n  <a href=\"https:\/\/playmathmasters.com\/sv\/kontakt\/\" class=\"color-overlay-link \" >\n    <span class=\"ue-color-overlay\"><\/span>\n    <span class=\"ue-btn-txt\"> Kontakta Math Masters! <\/span>\n  <\/a>\n<\/div>\n<!-- end Overlay Button -->\t\t\t\t<\/div>\n\t\t\t\t<\/div>\n\t\t\t\t<\/div>\n\t\t\t\t\t<\/div>\n\t\t\t\t<\/div>\n\t\t<div class=\"elementor-element elementor-element-41fd590c e-flex e-con-boxed e-con e-parent\" data-id=\"41fd590c\" data-element_type=\"container\" data-e-type=\"container\" id=\"fairy-glitter\">\n\t\t\t\t\t<div class=\"e-con-inner\">\n\t\t\t\t<div class=\"elementor-element elementor-element-5d0237bb elementor-widget elementor-widget-html\" data-id=\"5d0237bb\" data-element_type=\"widget\" data-e-type=\"widget\" data-widget_type=\"html.default\">\n\t\t\t\t<div class=\"elementor-widget-container\">\n\t\t\t\t\t<div class=\"bg-animation-dee\">\n        <div id=\"stars\"> <\/div>\n        <div id=\"stars2\"> <\/div>\n        <div id=\"stars3\"> <\/div>\n        <div id=\"stars4\"> <\/div>\n     <div id=\"stars5\"> <\/div>\n    <\/div>\t\t\t\t<\/div>\n\t\t\t\t<\/div>\n\t\t\t\t\t<\/div>\n\t\t\t\t<\/div>\n\t\t<div class=\"elementor-element elementor-element-db2b03b e-flex e-con-boxed e-con e-parent\" data-id=\"db2b03b\" data-element_type=\"container\" data-e-type=\"container\" data-settings=\"{&quot;background_background&quot;:&quot;classic&quot;}\">\n\t\t\t\t\t<div class=\"e-con-inner\">\n\t\t<div class=\"elementor-element elementor-element-17de7cea e-con-full e-flex e-con e-child\" data-id=\"17de7cea\" data-element_type=\"container\" data-e-type=\"container\">\n\t\t<div class=\"elementor-element elementor-element-192d7f3a e-con-full getintouchdiv e-flex e-con e-child\" data-id=\"192d7f3a\" data-element_type=\"container\" data-e-type=\"container\">\n\t\t\t\t<div class=\"elementor-element elementor-element-47596263 elementor-widget elementor-widget-heading\" data-id=\"47596263\" data-element_type=\"widget\" data-e-type=\"widget\" data-widget_type=\"heading.default\">\n\t\t\t\t<div class=\"elementor-widget-container\">\n\t\t\t\t\t<h2 class=\"elementor-heading-title elementor-size-default\">V\u00e5r<\/h2>\t\t\t\t<\/div>\n\t\t\t\t<\/div>\n\t\t\t\t<div class=\"elementor-element elementor-element-52409bee elementor-widget elementor-widget-heading\" data-id=\"52409bee\" data-element_type=\"widget\" data-e-type=\"widget\" data-widget_type=\"heading.default\">\n\t\t\t\t<div class=\"elementor-widget-container\">\n\t\t\t\t\t<h2 class=\"elementor-heading-title elementor-size-default\">policy<\/h2>\t\t\t\t<\/div>\n\t\t\t\t<\/div>\n\t\t\t\t<\/div>\n\t\t<div class=\"elementor-element elementor-element-5c3ad9db e-con-full e-flex e-con e-child\" data-id=\"5c3ad9db\" data-element_type=\"container\" data-e-type=\"container\">\n\t\t\t\t<div class=\"elementor-element elementor-element-757097a3 elementor-widget elementor-widget-text-editor\" data-id=\"757097a3\" data-element_type=\"widget\" data-e-type=\"widget\" data-widget_type=\"text-editor.default\">\n\t\t\t\t<div class=\"elementor-widget-container\">\n\t\t\t\t\t\t\t\t\t<p><strong>1. Vad \u00e4r cookies?<\/strong><br>Cookies \u00e4r sm\u00e5 textfiler som placeras p\u00e5 din dator, surfplatta eller smartphone n\u00e4r du bes\u00f6ker en webbplats. De hj\u00e4lper webbplatsen att fungera korrekt, f\u00f6rb\u00e4ttrar din anv\u00e4ndarupplevelse och ger oss insikt i hur bes\u00f6kare anv\u00e4nder webbplatsen. <\/p>\t\t\t\t\t\t\t\t<\/div>\n\t\t\t\t<\/div>\n\t\t\t\t<\/div>\n\t\t\t\t<\/div>\n\t\t<div class=\"elementor-element elementor-element-3b4d8047 e-con-full elementor-hidden-tablet elementor-hidden-mobile e-flex e-con e-child\" data-id=\"3b4d8047\" data-element_type=\"container\" data-e-type=\"container\">\n\t\t\t\t<\/div>\n\t\t\t\t\t<\/div>\n\t\t\t\t<\/div>\n\t\t<div class=\"elementor-element elementor-element-67239a1a e-flex e-con-boxed e-con e-parent\" data-id=\"67239a1a\" data-element_type=\"container\" data-e-type=\"container\" data-settings=\"{&quot;background_background&quot;:&quot;gradient&quot;,&quot;shape_divider_top&quot;:&quot;tilt&quot;,&quot;shape_divider_bottom&quot;:&quot;tilt&quot;}\">\n\t\t\t\t\t<div class=\"e-con-inner\">\n\t\t\t\t<div class=\"elementor-shape elementor-shape-top\" aria-hidden=\"true\" data-negative=\"false\">\n\t\t\t<svg xmlns=\"http:\/\/www.w3.org\/2000\/svg\" viewBox=\"0 0 1000 100\" preserveAspectRatio=\"none\">\n\t<path class=\"elementor-shape-fill\" d=\"M0,6V0h1000v100L0,6z\"\/>\n<\/svg>\t\t<\/div>\n\t\t\t\t<div class=\"elementor-shape elementor-shape-bottom\" aria-hidden=\"true\" data-negative=\"false\">\n\t\t\t<svg xmlns=\"http:\/\/www.w3.org\/2000\/svg\" viewBox=\"0 0 1000 100\" preserveAspectRatio=\"none\">\n\t<path class=\"elementor-shape-fill\" d=\"M0,6V0h1000v100L0,6z\"\/>\n<\/svg>\t\t<\/div>\n\t\t<div class=\"elementor-element elementor-element-50e9dbc0 e-con-full e-flex e-con e-child\" data-id=\"50e9dbc0\" data-element_type=\"container\" data-e-type=\"container\" data-settings=\"{&quot;background_background&quot;:&quot;classic&quot;}\">\n\t\t\t\t<div class=\"elementor-element elementor-element-6349edf0 elementor-widget-tablet__width-inherit elementor-widget elementor-widget-image\" data-id=\"6349edf0\" data-element_type=\"widget\" data-e-type=\"widget\" data-widget_type=\"image.default\">\n\t\t\t\t<div class=\"elementor-widget-container\">\n\t\t\t\t\t\t\t\t\t\t\t\t\t\t\t<img fetchpriority=\"high\" decoding=\"async\" width=\"709\" height=\"708\" src=\"https:\/\/playmathmasters.com\/wp-content\/uploads\/2025\/12\/Math-Masters-Board-210-klein-min-min.webp\" class=\"attachment-large size-large wp-image-11305\" alt=\"Math-Masters-Board-210-old\" srcset=\"https:\/\/playmathmasters.com\/wp-content\/uploads\/2025\/12\/Math-Masters-Board-210-klein-min-min.webp 709w, https:\/\/playmathmasters.com\/wp-content\/uploads\/2025\/12\/Math-Masters-Board-210-klein-min-min-300x300.webp 300w, https:\/\/playmathmasters.com\/wp-content\/uploads\/2025\/12\/Math-Masters-Board-210-klein-min-min-150x150.webp 150w\" sizes=\"(max-width: 709px) 100vw, 709px\" \/>\t\t\t\t\t\t\t\t\t\t\t\t\t\t\t<\/div>\n\t\t\t\t<\/div>\n\t\t\t\t<\/div>\n\t\t<div class=\"elementor-element elementor-element-6e7809d9 e-con-full e-flex e-con e-child\" data-id=\"6e7809d9\" data-element_type=\"container\" data-e-type=\"container\">\n\t\t<div class=\"elementor-element elementor-element-6583f01d e-con-full e-flex e-con e-child\" data-id=\"6583f01d\" data-element_type=\"container\" data-e-type=\"container\">\n\t\t\t\t<div class=\"elementor-element elementor-element-68db517b elementor-widget elementor-widget-text-editor\" data-id=\"68db517b\" data-element_type=\"widget\" data-e-type=\"widget\" data-widget_type=\"text-editor.default\">\n\t\t\t\t<div class=\"elementor-widget-container\">\n\t\t\t\t\t\t\t\t\t<p><strong>2. Vilka cookies anv\u00e4nder vi?<\/strong><br>\ud83c\udf6a Funktionella cookies (n\u00f6dv\u00e4ndiga)<\/p><p>Dessa cookies \u00e4r n\u00f6dv\u00e4ndiga f\u00f6r webbplatsens grundl\u00e4ggande funktioner, till exempel sidnavigering och att komma ih\u00e5g dina inst\u00e4llningar.<\/p><p>Exempel: Att komma ih\u00e5g om du har accepterat cookiebannern.<\/p><p>\ud83d\udcca Analytiska cookies<\/p><p>Dessa cookies samlar in anonym data om hur bes\u00f6kare anv\u00e4nder webbplatsen, s\u00e5 att vi kan f\u00f6rb\u00e4ttra den och b\u00e4ttre anpassa den till v\u00e5r m\u00e5lgrupp.<\/p><p>Exempel: Bes\u00f6ksstatistik via Google Analytics (med IP-anonymisering aktiverad).<\/p><p>\ud83d\udce3 Marknadsf\u00f6rings- och sp\u00e5rningscookies (valfria)<\/p><p>Dessa cookies sp\u00e5rar ditt surfm\u00f6nster \u00f6ver olika webbplatser och kan placeras av tredje parter, till exempel YouTube (f\u00f6r videor), Meta\/Facebook eller Google Ads. Vi placerar endast dessa cookies om du ger oss tillst\u00e5nd. <\/p>\t\t\t\t\t\t\t\t<\/div>\n\t\t\t\t<\/div>\n\t\t\t\t<\/div>\n\t\t\t\t<\/div>\n\t\t\t\t\t<\/div>\n\t\t\t\t<\/div>\n\t\t<div class=\"elementor-element elementor-element-625485e8 e-flex e-con-boxed e-con e-parent\" data-id=\"625485e8\" data-element_type=\"container\" data-e-type=\"container\" data-settings=\"{&quot;background_background&quot;:&quot;classic&quot;}\">\n\t\t\t\t\t<div class=\"e-con-inner\">\n\t\t<div class=\"elementor-element elementor-element-cc61feb e-con-full e-flex e-con e-child\" data-id=\"cc61feb\" data-element_type=\"container\" data-e-type=\"container\">\n\t\t<div class=\"elementor-element elementor-element-6ac44448 e-con-full e-flex e-con e-child\" data-id=\"6ac44448\" data-element_type=\"container\" data-e-type=\"container\">\n\t\t\t\t<div class=\"elementor-element elementor-element-41f65aed elementor-widget elementor-widget-text-editor\" data-id=\"41f65aed\" data-element_type=\"widget\" data-e-type=\"widget\" data-widget_type=\"text-editor.default\">\n\t\t\t\t<div class=\"elementor-widget-container\">\n\t\t\t\t\t\t\t\t\t<p><strong>3. Cookies fr\u00e5n tredje part<\/strong><br>Vissa cookies placeras av tredjepartstj\u00e4nster som visas p\u00e5 v\u00e5ra sidor. Dessa tj\u00e4nster har sina egna integritets- och cookiepolicyer. Vanliga exempel \u00e4r:  <\/p><p>Google (Analytics, Fonts, Ads)<\/p><p>Meta\/Facebook (annonsering eller inb\u00e4ddat inneh\u00e5ll)<\/p><p>YouTube (videouppspelning)<\/p>\t\t\t\t\t\t\t\t<\/div>\n\t\t\t\t<\/div>\n\t\t\t\t<\/div>\n\t\t<div class=\"elementor-element elementor-element-55de1d8f e-con-full e-flex e-con e-child\" data-id=\"55de1d8f\" data-element_type=\"container\" data-e-type=\"container\">\n\t\t\t\t<div class=\"elementor-element elementor-element-32854c31 elementor-widget elementor-widget-text-editor\" data-id=\"32854c31\" data-element_type=\"widget\" data-e-type=\"widget\" data-widget_type=\"text-editor.default\">\n\t\t\t\t<div class=\"elementor-widget-container\">\n\t\t\t\t\t\t\t\t\t<p><strong>4. Hur ger du samtycke?<\/strong><br>N\u00e4r du bes\u00f6ker mathmasters.fun f\u00f6r f\u00f6rsta g\u00e5ngen visas en cookiebanner. Den g\u00f6r att du kan: <\/p><p>Acceptera alla cookies<\/p><p>Acceptera endast n\u00f6dv\u00e4ndiga cookies<\/p><p>Anpassa dina cookieinst\u00e4llningar<\/p><p>Du kan n\u00e4r som helst \u00e4ndra eller \u00e5terkalla ditt samtycke via sidan f\u00f6r cookieinst\u00e4llningar.<\/p>\t\t\t\t\t\t\t\t<\/div>\n\t\t\t\t<\/div>\n\t\t\t\t<\/div>\n\t\t<div class=\"elementor-element elementor-element-14e25e51 e-con-full e-flex e-con e-child\" data-id=\"14e25e51\" data-element_type=\"container\" data-e-type=\"container\">\n\t\t\t\t<div class=\"elementor-element elementor-element-2ddced57 elementor-widget elementor-widget-text-editor\" data-id=\"2ddced57\" data-element_type=\"widget\" data-e-type=\"widget\" data-widget_type=\"text-editor.default\">\n\t\t\t\t<div class=\"elementor-widget-container\">\n\t\t\t\t\t\t\t\t\t<p><strong>5. Hantera eller radera cookies<\/strong><br>Du kan radera eller inaktivera cookies via inst\u00e4llningarna i din webbl\u00e4sare.<\/p><p>Observera att vissa delar av webbplatsen kanske inte fungerar korrekt om cookies \u00e4r inaktiverade.<\/p><p>Instruktioner per webbl\u00e4sare:<\/p><p>Chrome: support.google.com\/chrome<\/p><p>Firefox: support.mozilla.org<\/p><p>Safari: support.apple.com<\/p><p>Edge: support.microsoft.com<\/p>\t\t\t\t\t\t\t\t<\/div>\n\t\t\t\t<\/div>\n\t\t\t\t<\/div>\n\t\t<div class=\"elementor-element elementor-element-61a6a973 e-con-full e-flex e-con e-child\" data-id=\"61a6a973\" data-element_type=\"container\" data-e-type=\"container\">\n\t\t\t\t<div class=\"elementor-element elementor-element-2bf010c2 elementor-widget elementor-widget-text-editor\" data-id=\"2bf010c2\" data-element_type=\"widget\" data-e-type=\"widget\" data-widget_type=\"text-editor.default\">\n\t\t\t\t<div class=\"elementor-widget-container\">\n\t\t\t\t\t\t\t\t\t<p><strong>6. \u00c4ndringar i denna cookiepolicy<\/strong><br>Vi kan uppdatera denna cookiepolicy d\u00e5 och d\u00e5. Eventuella \u00e4ndringar publiceras p\u00e5 den h\u00e4r sidan. Vi rekommenderar att du regelbundet kontrollerar den h\u00e4r sidan f\u00f6r uppdateringar.  <\/p>\t\t\t\t\t\t\t\t<\/div>\n\t\t\t\t<\/div>\n\t\t\t\t<\/div>\n\t\t<div class=\"elementor-element elementor-element-21643aec e-con-full e-flex e-con e-child\" data-id=\"21643aec\" data-element_type=\"container\" data-e-type=\"container\">\n\t\t\t\t<div class=\"elementor-element elementor-element-457e4364 elementor-widget elementor-widget-text-editor\" data-id=\"457e4364\" data-element_type=\"widget\" data-e-type=\"widget\" data-widget_type=\"text-editor.default\">\n\t\t\t\t<div class=\"elementor-widget-container\">\n\t\t\t\t\t\t\t\t\t<p><strong>Fr\u00e5gor?<\/strong><br>Har du n\u00e5gra fr\u00e5gor om v\u00e5r cookiepolicy?<\/p><p>Du \u00e4r v\u00e4lkommen att kontakta oss p\u00e5:<br>\ud83d\udce7 info@mathmasters.fun<\/p>\t\t\t\t\t\t\t\t<\/div>\n\t\t\t\t<\/div>\n\t\t\t\t<\/div>\n\t\t\t\t<\/div>\n\t\t\t\t\t<\/div>\n\t\t\t\t<\/div>\n\t\t\t\t<\/div>\n\t\t","protected":false},"excerpt":{"rendered":"<p>Vilka cookies gillar vi att \u00e4ta? Cookie policy P\u00e5 mathmasters.fun anv\u00e4nder vi cookies och liknande tekniker f\u00f6r att ge en b\u00e4ttre, snabbare och s\u00e4krare webbplatsupplevelse. Den h\u00e4r cookiepolicyn f\u00f6rklarar vad cookies \u00e4r, vilka typer vi anv\u00e4nder och hur du kan hantera dina inst\u00e4llningar. Kontakta Math Masters! V\u00e5r policy 1. Vad \u00e4r cookies?Cookies \u00e4r sm\u00e5 textfiler [&hellip;]<\/p>\n","protected":false},"author":1,"featured_media":0,"parent":0,"menu_order":0,"comment_status":"closed","ping_status":"closed","template":"","meta":{"footnotes":""},"class_list":["post-11303","page","type-page","status-publish","hentry"],"yoast_head":"<!-- This site is optimized with the Yoast SEO plugin v27.1.1 - https:\/\/yoast.com\/product\/yoast-seo-wordpress\/ -->\n<title>Cookiepolicy | Math Masters: educational &amp; fun board game<\/title>\n<meta name=\"description\" content=\"Cookiepolicyn f\u00f6r Math Masters bygger p\u00e5 internationella regler f\u00f6r webbplatser och \u00e4r d\u00e4rf\u00f6r f\u00f6renlig med lagen.\" \/>\n<meta name=\"robots\" content=\"index, follow, max-snippet:-1, max-image-preview:large, max-video-preview:-1\" \/>\n<link rel=\"canonical\" href=\"https:\/\/playmathmasters.com\/sv\/cookiepolicy\/\" \/>\n<meta property=\"og:locale\" content=\"sv_SE\" \/>\n<meta property=\"og:type\" content=\"article\" \/>\n<meta property=\"og:title\" content=\"Cookiepolicy | Math Masters: educational &amp; fun board game\" \/>\n<meta property=\"og:description\" content=\"Cookiepolicyn f\u00f6r Math Masters bygger p\u00e5 internationella regler f\u00f6r webbplatser och \u00e4r d\u00e4rf\u00f6r f\u00f6renlig med lagen.\" \/>\n<meta property=\"og:url\" content=\"https:\/\/playmathmasters.com\/sv\/cookiepolicy\/\" \/>\n<meta property=\"og:site_name\" content=\"Math Masters: educational &amp; fun board game\" \/>\n<meta property=\"article:modified_time\" content=\"2026-02-20T20:56:45+00:00\" \/>\n<meta property=\"og:image\" content=\"https:\/\/playmathmasters.com\/wp-content\/uploads\/2025\/12\/Math-Masters-Board-210-klein-min-min.webp\" \/>\n\t<meta property=\"og:image:width\" content=\"709\" \/>\n\t<meta property=\"og:image:height\" content=\"708\" \/>\n\t<meta property=\"og:image:type\" content=\"image\/webp\" \/>\n<meta name=\"twitter:card\" content=\"summary_large_image\" \/>\n<meta name=\"twitter:label1\" content=\"Ber\u00e4knad l\u00e4stid\" \/>\n\t<meta name=\"twitter:data1\" content=\"2 minuter\" \/>\n<script type=\"application\/ld+json\" class=\"yoast-schema-graph\">{\"@context\":\"https:\/\/schema.org\",\"@graph\":[{\"@type\":\"WebPage\",\"@id\":\"https:\/\/playmathmasters.com\/sv\/cookiepolicy\/\",\"url\":\"https:\/\/playmathmasters.com\/sv\/cookiepolicy\/\",\"name\":\"Cookiepolicy | Math Masters: educational &amp; fun board game\",\"isPartOf\":{\"@id\":\"https:\/\/playmathmasters.com\/#website\"},\"primaryImageOfPage\":{\"@id\":\"https:\/\/playmathmasters.com\/sv\/cookiepolicy\/#primaryimage\"},\"image\":{\"@id\":\"https:\/\/playmathmasters.com\/sv\/cookiepolicy\/#primaryimage\"},\"thumbnailUrl\":\"https:\/\/playmathmasters.com\/wp-content\/uploads\/2025\/12\/Math-Masters-Board-210-klein-min-min.webp\",\"datePublished\":\"2025-06-18T09:10:32+00:00\",\"dateModified\":\"2026-02-20T20:56:45+00:00\",\"description\":\"Cookiepolicyn f\u00f6r Math Masters bygger p\u00e5 internationella regler f\u00f6r webbplatser och \u00e4r d\u00e4rf\u00f6r f\u00f6renlig med lagen.\",\"breadcrumb\":{\"@id\":\"https:\/\/playmathmasters.com\/sv\/cookiepolicy\/#breadcrumb\"},\"inLanguage\":\"sv-SE\",\"potentialAction\":[{\"@type\":\"ReadAction\",\"target\":[\"https:\/\/playmathmasters.com\/sv\/cookiepolicy\/\"]}]},{\"@type\":\"ImageObject\",\"inLanguage\":\"sv-SE\",\"@id\":\"https:\/\/playmathmasters.com\/sv\/cookiepolicy\/#primaryimage\",\"url\":\"https:\/\/playmathmasters.com\/wp-content\/uploads\/2025\/12\/Math-Masters-Board-210-klein-min-min.webp\",\"contentUrl\":\"https:\/\/playmathmasters.com\/wp-content\/uploads\/2025\/12\/Math-Masters-Board-210-klein-min-min.webp\"},{\"@type\":\"BreadcrumbList\",\"@id\":\"https:\/\/playmathmasters.com\/sv\/cookiepolicy\/#breadcrumb\",\"itemListElement\":[{\"@type\":\"ListItem\",\"position\":1,\"name\":\"Hem\",\"item\":\"https:\/\/playmathmasters.com\/sv\/math-masters\/\"},{\"@type\":\"ListItem\",\"position\":2,\"name\":\"Cookiepolicy\"}]},{\"@type\":\"WebSite\",\"@id\":\"https:\/\/playmathmasters.com\/#website\",\"url\":\"https:\/\/playmathmasters.com\/\",\"name\":\"Math Masters - fun and educational math bord game\",\"description\":\"Fun &amp; educational math board game\",\"publisher\":{\"@id\":\"https:\/\/playmathmasters.com\/#organization\"},\"potentialAction\":[{\"@type\":\"SearchAction\",\"target\":{\"@type\":\"EntryPoint\",\"urlTemplate\":\"https:\/\/playmathmasters.com\/?s={search_term_string}\"},\"query-input\":{\"@type\":\"PropertyValueSpecification\",\"valueRequired\":true,\"valueName\":\"search_term_string\"}}],\"inLanguage\":\"sv-SE\"},{\"@type\":\"Organization\",\"@id\":\"https:\/\/playmathmasters.com\/#organization\",\"name\":\"DutchGames\",\"url\":\"https:\/\/playmathmasters.com\/\",\"logo\":{\"@type\":\"ImageObject\",\"inLanguage\":\"sv-SE\",\"@id\":\"https:\/\/playmathmasters.com\/#\/schema\/logo\/image\/\",\"url\":\"https:\/\/playmathmasters.com\/wp-content\/uploads\/2025\/11\/Favicon-Dutch-Games.png\",\"contentUrl\":\"https:\/\/playmathmasters.com\/wp-content\/uploads\/2025\/11\/Favicon-Dutch-Games.png\",\"width\":512,\"height\":512,\"caption\":\"DutchGames\"},\"image\":{\"@id\":\"https:\/\/playmathmasters.com\/#\/schema\/logo\/image\/\"}}]}<\/script>\n<!-- \/ Yoast SEO plugin. -->","yoast_head_json":{"title":"Cookiepolicy | Math Masters: educational &amp; fun board game","description":"Cookiepolicyn f\u00f6r Math Masters bygger p\u00e5 internationella regler f\u00f6r webbplatser och \u00e4r d\u00e4rf\u00f6r f\u00f6renlig med lagen.","robots":{"index":"index","follow":"follow","max-snippet":"max-snippet:-1","max-image-preview":"max-image-preview:large","max-video-preview":"max-video-preview:-1"},"canonical":"https:\/\/playmathmasters.com\/sv\/cookiepolicy\/","og_locale":"sv_SE","og_type":"article","og_title":"Cookiepolicy | Math Masters: educational &amp; fun board game","og_description":"Cookiepolicyn f\u00f6r Math Masters bygger p\u00e5 internationella regler f\u00f6r webbplatser och \u00e4r d\u00e4rf\u00f6r f\u00f6renlig med lagen.","og_url":"https:\/\/playmathmasters.com\/sv\/cookiepolicy\/","og_site_name":"Math Masters: educational &amp; fun board game","article_modified_time":"2026-02-20T20:56:45+00:00","og_image":[{"width":709,"height":708,"url":"https:\/\/playmathmasters.com\/wp-content\/uploads\/2025\/12\/Math-Masters-Board-210-klein-min-min.webp","type":"image\/webp"}],"twitter_card":"summary_large_image","twitter_misc":{"Ber\u00e4knad l\u00e4stid":"2 minuter"},"schema":{"@context":"https:\/\/schema.org","@graph":[{"@type":"WebPage","@id":"https:\/\/playmathmasters.com\/sv\/cookiepolicy\/","url":"https:\/\/playmathmasters.com\/sv\/cookiepolicy\/","name":"Cookiepolicy | Math Masters: educational &amp; fun board game","isPartOf":{"@id":"https:\/\/playmathmasters.com\/#website"},"primaryImageOfPage":{"@id":"https:\/\/playmathmasters.com\/sv\/cookiepolicy\/#primaryimage"},"image":{"@id":"https:\/\/playmathmasters.com\/sv\/cookiepolicy\/#primaryimage"},"thumbnailUrl":"https:\/\/playmathmasters.com\/wp-content\/uploads\/2025\/12\/Math-Masters-Board-210-klein-min-min.webp","datePublished":"2025-06-18T09:10:32+00:00","dateModified":"2026-02-20T20:56:45+00:00","description":"Cookiepolicyn f\u00f6r Math Masters bygger p\u00e5 internationella regler f\u00f6r webbplatser och \u00e4r d\u00e4rf\u00f6r f\u00f6renlig med lagen.","breadcrumb":{"@id":"https:\/\/playmathmasters.com\/sv\/cookiepolicy\/#breadcrumb"},"inLanguage":"sv-SE","potentialAction":[{"@type":"ReadAction","target":["https:\/\/playmathmasters.com\/sv\/cookiepolicy\/"]}]},{"@type":"ImageObject","inLanguage":"sv-SE","@id":"https:\/\/playmathmasters.com\/sv\/cookiepolicy\/#primaryimage","url":"https:\/\/playmathmasters.com\/wp-content\/uploads\/2025\/12\/Math-Masters-Board-210-klein-min-min.webp","contentUrl":"https:\/\/playmathmasters.com\/wp-content\/uploads\/2025\/12\/Math-Masters-Board-210-klein-min-min.webp"},{"@type":"BreadcrumbList","@id":"https:\/\/playmathmasters.com\/sv\/cookiepolicy\/#breadcrumb","itemListElement":[{"@type":"ListItem","position":1,"name":"Hem","item":"https:\/\/playmathmasters.com\/sv\/math-masters\/"},{"@type":"ListItem","position":2,"name":"Cookiepolicy"}]},{"@type":"WebSite","@id":"https:\/\/playmathmasters.com\/#website","url":"https:\/\/playmathmasters.com\/","name":"Math Masters - fun and educational math bord game","description":"Fun &amp; educational math board game","publisher":{"@id":"https:\/\/playmathmasters.com\/#organization"},"potentialAction":[{"@type":"SearchAction","target":{"@type":"EntryPoint","urlTemplate":"https:\/\/playmathmasters.com\/?s={search_term_string}"},"query-input":{"@type":"PropertyValueSpecification","valueRequired":true,"valueName":"search_term_string"}}],"inLanguage":"sv-SE"},{"@type":"Organization","@id":"https:\/\/playmathmasters.com\/#organization","name":"DutchGames","url":"https:\/\/playmathmasters.com\/","logo":{"@type":"ImageObject","inLanguage":"sv-SE","@id":"https:\/\/playmathmasters.com\/#\/schema\/logo\/image\/","url":"https:\/\/playmathmasters.com\/wp-content\/uploads\/2025\/11\/Favicon-Dutch-Games.png","contentUrl":"https:\/\/playmathmasters.com\/wp-content\/uploads\/2025\/11\/Favicon-Dutch-Games.png","width":512,"height":512,"caption":"DutchGames"},"image":{"@id":"https:\/\/playmathmasters.com\/#\/schema\/logo\/image\/"}}]}},"_links":{"self":[{"href":"https:\/\/playmathmasters.com\/sv\/wp-json\/wp\/v2\/pages\/11303","targetHints":{"allow":["GET"]}}],"collection":[{"href":"https:\/\/playmathmasters.com\/sv\/wp-json\/wp\/v2\/pages"}],"about":[{"href":"https:\/\/playmathmasters.com\/sv\/wp-json\/wp\/v2\/types\/page"}],"author":[{"embeddable":true,"href":"https:\/\/playmathmasters.com\/sv\/wp-json\/wp\/v2\/users\/1"}],"replies":[{"embeddable":true,"href":"https:\/\/playmathmasters.com\/sv\/wp-json\/wp\/v2\/comments?post=11303"}],"version-history":[{"count":4,"href":"https:\/\/playmathmasters.com\/sv\/wp-json\/wp\/v2\/pages\/11303\/revisions"}],"predecessor-version":[{"id":12413,"href":"https:\/\/playmathmasters.com\/sv\/wp-json\/wp\/v2\/pages\/11303\/revisions\/12413"}],"wp:attachment":[{"href":"https:\/\/playmathmasters.com\/sv\/wp-json\/wp\/v2\/media?parent=11303"}],"curies":[{"name":"wp","href":"https:\/\/api.w.org\/{rel}","templated":true}]}}